{"id":9,"date":"2021-02-08T11:31:37","date_gmt":"2021-02-08T09:31:37","guid":{"rendered":"https:\/\/kesayliopistohki.fi\/?page_id=9"},"modified":"2025-02-14T12:20:13","modified_gmt":"2025-02-14T10:20:13","slug":"frantsida","status":"publish","type":"page","link":"https:\/\/hsky.fi\/sv\/","title":{"rendered":"Fr\u00e5ntsida"},"content":{"rendered":"\n<div class=\"wp-block-columns is-layout-flex wp-container-core-columns-is-layout-9d6595d7 wp-block-columns-is-layout-flex\">\n<div class=\"wp-block-column is-vertically-aligned-top is-layout-flow wp-block-column-is-layout-flow\" style=\"flex-basis:100%\"><div class=\"block-fp-hero full-width id-block\">\n\t<div class=\"accent desktop accent-light-green\"><\/div>\n\t<div class=\"container-lg\">\n\t\t<div class=\"row\">\n\t\t\t<div class=\"col\">\n\t\t\t\t<div class=\"inner-blocks entry-content\">\n\t\t\t\t\t\n\n<h3 class=\"wp-block-heading\">Kort p\u00e5 svenska<\/h3>\n\n\n\n<p>V\u00e4lkommen att studera vid Helsingforsnejdens sommaruniversitet! Undervisningen \u00e4r \u00f6ppen f\u00f6r alla oberoende av \u00e5lder, grundutbildning eller \u00f6vrig studier\u00e4tt. Vi erbjuder \u00f6ver 700 olika kurser per \u00e5r och ungef\u00e4r 8000 studerande tar del av v\u00e5r undervisning \u00e5rligen. Vi arrangerar undervisning \u00e5ret om.<\/p>\n\n\n\n<p>Helsingforsnejdens sommaruniversitet \u00e4r en finskspr\u00e5kig l\u00e4roanstalt som arrangerar bland annat \u00f6ppen universitetsundervisning, spr\u00e5kkurser, yrkesinriktad fortbildning, abiturientkurser samt \u00f6ppna evenemang f\u00f6r allm\u00e4nheten. <\/p>\n\n\n\n<p>Sommaruniversitetet g\u00f6r fritt bildningsarbete och det uppr\u00e4tth\u00e5lls av stiftelsen f\u00f6r Helsingforsnejdens sommaruniversitet som grundades av kommunerna i huvudstadsregionen. De h\u00e4r kommunerna utg\u00f6r ocks\u00e5 stiftelsens medlemmar och tillsammans med Helsingfors universitet sk\u00f6ter de stiftelsens f\u00f6rvaltning. <\/p>\n\n\n\t\t\t\t<\/div>\n\t\t\t<\/div>\n\t\t<\/div>\n\t\t<div class=\"row\">\n\t\t\t<div class=\"col\">\n\t\t\t\t<div class=\"accent mobile accent-light-green\"><\/div>\n\t\t\t\t<div class=\"relative\">\n\t\t\t\t\t\t\t    \t\t<img decoding=\"async\" src=\"https:\/\/hsky.fi\/wp-content\/uploads\/2024\/10\/P1A8194-scaled-e1729582898736.jpeg\" alt=\"\">\n\t\t\t\t\t\t\t    \t\t\t\t    \t\t<div class=\"card\">\n\t\t    \t\t\t\t\t    \t\t\t<h3>Registrera dig f\u00f6r v\u00e5ra kurser<\/h3>\n\t\t    \t\t\t\n\t\t    \t\t\t\t\t    \t\t\t\t<ul>\n\t\t    \t\t\t\t\t\t\t\t\t\t\t\t\t\t\t\t    \t\t\t\t\t\t<li>\n\t\t    \t\t\t\t\t\t\t<a href=\"https:\/\/hsky.fi\/kurssit\/\" target=\"_blank\">Alla kurser (p\u00e5 finska)<\/a>\n\t\t    \t\t\t\t\t\t<\/li>\n\t\t\t\t\t\t\t\t\t\t\t    \t\t\t\t\t\t\t    \t\t\t\t<\/ul>\n\t\t    \t\t\t\t\t    \t\t<\/div>\n\t\t    \t\t\t\t    \t<\/div>\n\t\t\t<\/div>\n\t\t<\/div>\n\t<\/div>\t\t\t\n<\/div>\n<\/div>\n<\/div>\n","protected":false},"excerpt":{"rendered":"","protected":false},"author":1,"featured_media":0,"parent":0,"menu_order":0,"comment_status":"closed","ping_status":"closed","template":"","meta":{"_acf_changed":false,"_relevanssi_hide_post":"","_relevanssi_hide_content":"","_relevanssi_pin_for_all":"","_relevanssi_pin_keywords":"","_relevanssi_unpin_keywords":"","_relevanssi_related_keywords":"","_relevanssi_related_include_ids":"","_relevanssi_related_exclude_ids":"","_relevanssi_related_no_append":"","_relevanssi_related_not_related":"","_relevanssi_related_posts":"","_relevanssi_noindex_reason":"","footnotes":""},"class_list":["post-9","page","type-page","status-publish","hentry"],"acf":[],"yoast_head":"<!-- This site is optimized with the Yoast SEO plugin v27.3 - https:\/\/yoast.com\/product\/yoast-seo-wordpress\/ -->\n<title>Fr\u00e5ntsida - Helsingin seudun kes\u00e4yliopisto<\/title>\n<meta name=\"robots\" content=\"index, follow, max-snippet:-1, max-image-preview:large, max-video-preview:-1\" \/>\n<link rel=\"canonical\" href=\"https:\/\/hsky.fi\/sv\/\" \/>\n<meta property=\"og:locale\" content=\"sv_SE\" \/>\n<meta property=\"og:type\" content=\"article\" \/>\n<meta property=\"og:title\" content=\"Fr\u00e5ntsida - Helsingin seudun kes\u00e4yliopisto\" \/>\n<meta property=\"og:url\" content=\"https:\/\/hsky.fi\/sv\/\" \/>\n<meta property=\"og:site_name\" content=\"Helsingin seudun kes\u00e4yliopisto\" \/>\n<meta property=\"article:modified_time\" content=\"2025-02-14T10:20:13+00:00\" \/>\n<meta name=\"twitter:card\" content=\"summary_large_image\" \/>\n<meta name=\"twitter:label1\" content=\"Ber\u00e4knad l\u00e4stid\" \/>\n\t<meta name=\"twitter:data1\" content=\"1 minut\" \/>\n<script type=\"application\/ld+json\" class=\"yoast-schema-graph\">{\"@context\":\"https:\\\/\\\/schema.org\",\"@graph\":[{\"@type\":\"WebPage\",\"@id\":\"https:\\\/\\\/hsky.fi\\\/sv\\\/\",\"url\":\"https:\\\/\\\/hsky.fi\\\/sv\\\/\",\"name\":\"Fr\u00e5ntsida - Helsingin seudun kes\u00e4yliopisto\",\"isPartOf\":{\"@id\":\"https:\\\/\\\/hsky.fi\\\/#website\"},\"datePublished\":\"2021-02-08T09:31:37+00:00\",\"dateModified\":\"2025-02-14T10:20:13+00:00\",\"breadcrumb\":{\"@id\":\"https:\\\/\\\/hsky.fi\\\/sv\\\/#breadcrumb\"},\"inLanguage\":\"sv-SE\",\"potentialAction\":[{\"@type\":\"ReadAction\",\"target\":[\"https:\\\/\\\/hsky.fi\\\/sv\\\/\"]}]},{\"@type\":\"BreadcrumbList\",\"@id\":\"https:\\\/\\\/hsky.fi\\\/sv\\\/#breadcrumb\",\"itemListElement\":[{\"@type\":\"ListItem\",\"position\":1,\"name\":\"framsidan\",\"item\":\"https:\\\/\\\/hsky.fi\\\/sv\\\/\"},{\"@type\":\"ListItem\",\"position\":2,\"name\":\"Fr\u00e5ntsida\"}]},{\"@type\":\"WebSite\",\"@id\":\"https:\\\/\\\/hsky.fi\\\/#website\",\"url\":\"https:\\\/\\\/hsky.fi\\\/\",\"name\":\"Helsingin seudun kes\u00e4yliopisto\",\"description\":\"\",\"potentialAction\":[{\"@type\":\"SearchAction\",\"target\":{\"@type\":\"EntryPoint\",\"urlTemplate\":\"https:\\\/\\\/hsky.fi\\\/?s={search_term_string}\"},\"query-input\":{\"@type\":\"PropertyValueSpecification\",\"valueRequired\":true,\"valueName\":\"search_term_string\"}}],\"inLanguage\":\"sv-SE\"}]}<\/script>\n<!-- \/ Yoast SEO plugin. -->","yoast_head_json":{"title":"Fr\u00e5ntsida - Helsingin seudun kes\u00e4yliopisto","robots":{"index":"index","follow":"follow","max-snippet":"max-snippet:-1","max-image-preview":"max-image-preview:large","max-video-preview":"max-video-preview:-1"},"canonical":"https:\/\/hsky.fi\/sv\/","og_locale":"sv_SE","og_type":"article","og_title":"Fr\u00e5ntsida - Helsingin seudun kes\u00e4yliopisto","og_url":"https:\/\/hsky.fi\/sv\/","og_site_name":"Helsingin seudun kes\u00e4yliopisto","article_modified_time":"2025-02-14T10:20:13+00:00","twitter_card":"summary_large_image","twitter_misc":{"Ber\u00e4knad l\u00e4stid":"1 minut"},"schema":{"@context":"https:\/\/schema.org","@graph":[{"@type":"WebPage","@id":"https:\/\/hsky.fi\/sv\/","url":"https:\/\/hsky.fi\/sv\/","name":"Fr\u00e5ntsida - Helsingin seudun kes\u00e4yliopisto","isPartOf":{"@id":"https:\/\/hsky.fi\/#website"},"datePublished":"2021-02-08T09:31:37+00:00","dateModified":"2025-02-14T10:20:13+00:00","breadcrumb":{"@id":"https:\/\/hsky.fi\/sv\/#breadcrumb"},"inLanguage":"sv-SE","potentialAction":[{"@type":"ReadAction","target":["https:\/\/hsky.fi\/sv\/"]}]},{"@type":"BreadcrumbList","@id":"https:\/\/hsky.fi\/sv\/#breadcrumb","itemListElement":[{"@type":"ListItem","position":1,"name":"framsidan","item":"https:\/\/hsky.fi\/sv\/"},{"@type":"ListItem","position":2,"name":"Fr\u00e5ntsida"}]},{"@type":"WebSite","@id":"https:\/\/hsky.fi\/#website","url":"https:\/\/hsky.fi\/","name":"Helsingin seudun kes\u00e4yliopisto","description":"","potentialAction":[{"@type":"SearchAction","target":{"@type":"EntryPoint","urlTemplate":"https:\/\/hsky.fi\/?s={search_term_string}"},"query-input":{"@type":"PropertyValueSpecification","valueRequired":true,"valueName":"search_term_string"}}],"inLanguage":"sv-SE"}]}},"_links":{"self":[{"href":"https:\/\/hsky.fi\/sv\/wp-json\/wp\/v2\/pages\/9","targetHints":{"allow":["GET"]}}],"collection":[{"href":"https:\/\/hsky.fi\/sv\/wp-json\/wp\/v2\/pages"}],"about":[{"href":"https:\/\/hsky.fi\/sv\/wp-json\/wp\/v2\/types\/page"}],"author":[{"embeddable":true,"href":"https:\/\/hsky.fi\/sv\/wp-json\/wp\/v2\/users\/1"}],"replies":[{"embeddable":true,"href":"https:\/\/hsky.fi\/sv\/wp-json\/wp\/v2\/comments?post=9"}],"version-history":[{"count":15,"href":"https:\/\/hsky.fi\/sv\/wp-json\/wp\/v2\/pages\/9\/revisions"}],"predecessor-version":[{"id":10508,"href":"https:\/\/hsky.fi\/sv\/wp-json\/wp\/v2\/pages\/9\/revisions\/10508"}],"wp:attachment":[{"href":"https:\/\/hsky.fi\/sv\/wp-json\/wp\/v2\/media?parent=9"}],"curies":[{"name":"wp","href":"https:\/\/api.w.org\/{rel}","templated":true}]}}