{"id":472,"date":"2021-03-23T16:51:38","date_gmt":"2021-03-23T14:51:38","guid":{"rendered":"https:\/\/kesayliopistohkifi.test.cchosting.fi\/?page_id=472"},"modified":"2025-02-07T12:17:31","modified_gmt":"2025-02-07T10:17:31","slug":"course-venues","status":"publish","type":"page","link":"https:\/\/hsky.fi\/en\/course-venues\/","title":{"rendered":"Course Venues"},"content":{"rendered":"<div class=\"block-hero full-width id-block accent-light-green\">\n\t<div class=\"container\">\n\t\t<div class=\"row\">\n\t\t\t<div class=\"col\">\n\t\t\t\t<div class=\"flex\">\n\t\t\t\t\t\t\t\t\t\t<img decoding=\"async\" src=\"https:\/\/hsky.fi\/wp-content\/uploads\/2024\/09\/P1A9852-e1730276821399.jpeg\" alt=\"\">\n\t\t\t\t\t\t\t\t\t\n\t\t\t\t\t<div class=\"inner-blocks entry-content\">\n\t\t\t\t\t\t\n\n<h2 class=\"wp-block-heading\">Course Venues<\/h2>\n\n\n\t\t\t\t\t<\/div>\n\t\t\t\t<\/div>\n\t\t\t<\/div>\n\t\t<\/div>\n\t<\/div>\t\t\t\n<\/div>\n\n\n\t<div class=\"breadcrumbs-container container id-block full-width\">\n\t\t<div class=\"container\">\n\t\t\t<div class=\"row\">\n\t\t\t\t<div class=\"col\">\n\t\t\t\t\t<div id=\"breadcrumbs\"><span><span><a href=\"https:\/\/hsky.fi\/en\/\">Home<\/a><\/span><\/span><\/div>\t\t\t\t<\/div>\n\t\t\t<\/div>\n\t\t<\/div>    \n    <\/div>\n\n\n<div class=\"block-content-with-sidebar id-block full-width\">\n\t<div class=\"container\">\n\t\t<div class=\"row justify-content-center\">\n\t\t\t<div class=\"col col-12 col-lg-4 col-xl-4 d-none d-lg-block\">\n\t\t\t\t<nav class=\"side-navigation\">\n\t\t\t\t\t<div class=\"menu-paavalikko-englanti-container\"><ul id=\"menu-paavalikko-englanti\" class=\"sidebar-menu\">\n<li  class=\" menu-item menu-item-type-post_type menu-item-object-page\"><a class=\"page-name\" href=\"https:\/\/hsky.fi\/en\/kurssit-ja-koulutukset\/\">Courses and education<\/a><\/li>\n<li  class=\" menu-item menu-item-type-post_type menu-item-object-page menu-item-has-children\"><a class=\"page-name\" href=\"https:\/\/hsky.fi\/en\/for-students\/\">For students<\/a>\n<button class=\"sub-menu-toggle\" aria-expanded=\"false\" aria-label=\"Avaa alavalikko\"><\/button><ul class=\"sub-menu\">\n<li  class=\" menu-item menu-item-type-post_type menu-item-object-page\"><a class=\"page-name\" href=\"https:\/\/hsky.fi\/en\/studying-at-summer-university\/\">Studying at Summer University<\/a><\/li>\n<li  class=\" menu-item menu-item-type-post_type menu-item-object-page\"><a class=\"page-name\" href=\"https:\/\/hsky.fi\/en\/enrollment\/\">Enrollment<\/a><\/li>\n<li  class=\" menu-item menu-item-type-post_type menu-item-object-page\"><a class=\"page-name\" href=\"https:\/\/hsky.fi\/en\/cancellation-policy\/\">Cancellation Policy<\/a><\/li>\n<li  class=\" menu-item menu-item-type-post_type menu-item-object-page\"><a class=\"page-name\" href=\"https:\/\/hsky.fi\/en\/enrolment-cancellation\/\">Enrolment Cancellation<\/a><\/li>\n<li  class=\" menu-item menu-item-type-post_type menu-item-object-page\"><a class=\"page-name\" href=\"https:\/\/hsky.fi\/en\/rules-of-conduct\/\">Rules of Conduct<\/a><\/li>\n<li  class=\" menu-item menu-item-type-post_type menu-item-object-page\"><a class=\"page-name\" href=\"https:\/\/hsky.fi\/en\/course-venues\/\">Course Venues<\/a><\/li>\n<li  class=\" menu-item menu-item-type-post_type menu-item-object-page\"><a class=\"page-name\" href=\"https:\/\/hsky.fi\/en\/faq\/\">FAQ<\/a><\/li><\/ul><\/li>\n<li  class=\" menu-item menu-item-type-custom menu-item-object-custom menu-item-has-children\"><a class=\"page-name\" href=\"#\">Contact us<\/a>\n<button class=\"sub-menu-toggle\" aria-expanded=\"false\" aria-label=\"Avaa alavalikko\"><\/button><ul class=\"sub-menu\">\n<li  class=\" menu-item menu-item-type-post_type menu-item-object-page\"><a class=\"page-name\" href=\"https:\/\/hsky.fi\/en\/contact-information\/\">Contact Information<\/a><\/li>\n<li  class=\" menu-item menu-item-type-post_type menu-item-object-page\"><a class=\"page-name\" href=\"https:\/\/hsky.fi\/en\/invoicing\/\">Invoicing<\/a><\/li>\n<li  class=\" menu-item menu-item-type-post_type menu-item-object-page\"><a class=\"page-name\" href=\"https:\/\/hsky.fi\/en\/apply-as-a-teacher\/\">Apply as a teacher<\/a><\/li>\n<li  class=\" menu-item menu-item-type-post_type menu-item-object-page\"><a class=\"page-name\" href=\"https:\/\/hsky.fi\/en\/about-us\/\">About Us<\/a><\/li><\/ul><\/li><\/ul><\/div>\t\t\t\t<\/nav><!-- .main-navigation -->\n\t\t\t<\/div>\n\t\t\t<div class=\"col col-12 col-lg-7 col-xl-7\">\t\t\t\t\n\t\t\t\t<div class=\"inner-blocks entry-content\">\n\t\t\t\t\t\n\n<p>We organize teaching in several locations around Helsinki area. <strong>Please check the course description for updated course and exam venues before the course begins.<\/strong><\/p>\n\n\n\n<p>Classrooms may change during the course so please remember to check the room when arriving at the venue.<\/p>\n\n\n\n<p>Please note that there may not be an elevator in some of the course locations. The venues do not usually have parking space for students. You can find parking places in Helsinki from&nbsp;<a href=\"http:\/\/www.hel.fi\/www\/Helsinki\/en\/maps-and-transport\/parking\/parking\/\">here<\/a>.<\/p>\n\n\n<div class=\"block-faq id-block\">\n\t\t\t<div class=\"accordion\">\n\t\t\t<button class=\"open-accordion accent-blue\" type=\"button\" aria-expanded=\"false\">Course venues in Helsinki<\/button>\n\t\t\t<div class=\"answer entry-content\"><ul id=\"block-0a5f555e-fd2e-4787-a90f-2df2fc02e4ef\" class=\"block-editor-rich-text__editable block-editor-block-list__block wp-block is-selected rich-text\" tabindex=\"0\" role=\"group\" contenteditable=\"true\" aria-multiline=\"true\" aria-label=\"Lohko: Lista\" data-block=\"0a5f555e-fd2e-4787-a90f-2df2fc02e4ef\" data-type=\"core\/list\" data-title=\"Lista\">\n<li>Business College Helsinki, SLK-talo, Rautatiel\u00e4isenkatu 5<\/li>\n<li>Eiran aikuislukio\n<ul>\n<li>Laivurinkatu 3<\/li>\n<li>Iso Roobertinkatu 20-22<\/li>\n<\/ul>\n<\/li>\n<li>Haaga-Helia ammattikorkeakoulu, Ratapihantie 13<\/li>\n<li>Helsingfors Arbis, Dagmarinkatu 3<\/li>\n<li>Helsingin aikuisopisto, Runeberginkatu 22-24<\/li>\n<li>Helsingin Rudolf Steiner -koulu, Lehtikuusentie 6<\/li>\n<li>Helsingin Taiteilijaseura, Kaapelitehdas, Tallberginkatu 1 A<\/li>\n<li>Helsingin Ty\u00f6v\u00e4enopisto,\u00a0Helsinginkatu\u00a026<\/li>\n<li>Kes\u00e4yliopiston oma koulutustila, Vilhonvuorenkatu 12<\/li>\n<li>Kulttuurikeskus S\u00e4hin\u00e4, Heikkil\u00e4ntie 10<\/li>\n<li>M\u00e4kel\u00e4n koulu, Hattulantie 2<\/li>\n<li>Sibelius-Akatemia\n<ul>\n<li>M-talo, Musiikkitalo, Mannerheimintie 13<\/li>\n<li>N-talo, Nervanderinkatu 13<\/li>\n<li>T-Talo, T\u00f6\u00f6l\u00f6nkatu 28<\/li>\n<\/ul>\n<\/li>\n<li>SYK (Helsingin suomalainen yhteiskoulu), Isonnevantie 8<\/li>\n<li>Teatterikorkeakoulu, Haapaniemenkatu 6<\/li>\n<li>Tieteiden talo, Kirkkokatu 6<\/li>\n<\/ul>\n<\/div>\n\t\t<\/div>\n\t\t\t<div class=\"accordion\">\n\t\t\t<button class=\"open-accordion accent-blue\" type=\"button\" aria-expanded=\"false\">Other course venues<\/button>\n\t\t\t<div class=\"answer entry-content\"><ul>\n<li>Gate8 Business Park, \u00c4yritie 12 C 01510 Vantaa<\/li>\n<\/ul>\n<\/div>\n\t\t<\/div>\n\t<\/div>\n\n\n\t\t\t\t<\/div>\n\t\t\t<\/div>\n\t\t<\/div>\n\t<\/div>\t\t\t\n<\/div>","protected":false},"excerpt":{"rendered":"","protected":false},"author":2,"featured_media":0,"parent":0,"menu_order":0,"comment_status":"closed","ping_status":"closed","template":"","meta":{"_acf_changed":false,"_relevanssi_hide_post":"","_relevanssi_hide_content":"","_relevanssi_pin_for_all":"","_relevanssi_pin_keywords":"","_relevanssi_unpin_keywords":"","_relevanssi_related_keywords":"","_relevanssi_related_include_ids":"","_relevanssi_related_exclude_ids":"","_relevanssi_related_no_append":"","_relevanssi_related_not_related":"","_relevanssi_related_posts":"9639","_relevanssi_noindex_reason":"","footnotes":""},"class_list":["post-472","page","type-page","status-publish","hentry"],"acf":[],"yoast_head":"<!-- This site is optimized with the Yoast SEO plugin v27.3 - https:\/\/yoast.com\/product\/yoast-seo-wordpress\/ -->\n<title>Course Venues - Helsingin seudun kes\u00e4yliopisto<\/title>\n<meta name=\"robots\" content=\"index, follow, max-snippet:-1, max-image-preview:large, max-video-preview:-1\" \/>\n<link rel=\"canonical\" href=\"https:\/\/hsky.fi\/en\/course-venues\/\" \/>\n<meta property=\"og:locale\" content=\"en_US\" \/>\n<meta property=\"og:type\" content=\"article\" \/>\n<meta property=\"og:title\" content=\"Course Venues - Helsingin seudun kes\u00e4yliopisto\" \/>\n<meta property=\"og:url\" content=\"https:\/\/hsky.fi\/en\/course-venues\/\" \/>\n<meta property=\"og:site_name\" content=\"Helsingin seudun kes\u00e4yliopisto\" \/>\n<meta property=\"article:modified_time\" content=\"2025-02-07T10:17:31+00:00\" \/>\n<meta name=\"twitter:card\" content=\"summary_large_image\" \/>\n<meta name=\"twitter:label1\" content=\"Est. reading time\" \/>\n\t<meta name=\"twitter:data1\" content=\"1 minute\" \/>\n<script type=\"application\/ld+json\" class=\"yoast-schema-graph\">{\"@context\":\"https:\\\/\\\/schema.org\",\"@graph\":[{\"@type\":\"WebPage\",\"@id\":\"https:\\\/\\\/hsky.fi\\\/en\\\/course-venues\\\/\",\"url\":\"https:\\\/\\\/hsky.fi\\\/en\\\/course-venues\\\/\",\"name\":\"Course Venues - Helsingin seudun kes\u00e4yliopisto\",\"isPartOf\":{\"@id\":\"https:\\\/\\\/hsky.fi\\\/#website\"},\"datePublished\":\"2021-03-23T14:51:38+00:00\",\"dateModified\":\"2025-02-07T10:17:31+00:00\",\"breadcrumb\":{\"@id\":\"https:\\\/\\\/hsky.fi\\\/en\\\/course-venues\\\/#breadcrumb\"},\"inLanguage\":\"en-US\",\"potentialAction\":[{\"@type\":\"ReadAction\",\"target\":[\"https:\\\/\\\/hsky.fi\\\/en\\\/course-venues\\\/\"]}]},{\"@type\":\"BreadcrumbList\",\"@id\":\"https:\\\/\\\/hsky.fi\\\/en\\\/course-venues\\\/#breadcrumb\",\"itemListElement\":[{\"@type\":\"ListItem\",\"position\":1,\"name\":\"Home\",\"item\":\"https:\\\/\\\/hsky.fi\\\/en\\\/\"},{\"@type\":\"ListItem\",\"position\":2,\"name\":\"Course Venues\"}]},{\"@type\":\"WebSite\",\"@id\":\"https:\\\/\\\/hsky.fi\\\/#website\",\"url\":\"https:\\\/\\\/hsky.fi\\\/\",\"name\":\"Helsingin seudun kes\u00e4yliopisto\",\"description\":\"\",\"potentialAction\":[{\"@type\":\"SearchAction\",\"target\":{\"@type\":\"EntryPoint\",\"urlTemplate\":\"https:\\\/\\\/hsky.fi\\\/?s={search_term_string}\"},\"query-input\":{\"@type\":\"PropertyValueSpecification\",\"valueRequired\":true,\"valueName\":\"search_term_string\"}}],\"inLanguage\":\"en-US\"}]}<\/script>\n<!-- \/ Yoast SEO plugin. -->","yoast_head_json":{"title":"Course Venues - Helsingin seudun kes\u00e4yliopisto","robots":{"index":"index","follow":"follow","max-snippet":"max-snippet:-1","max-image-preview":"max-image-preview:large","max-video-preview":"max-video-preview:-1"},"canonical":"https:\/\/hsky.fi\/en\/course-venues\/","og_locale":"en_US","og_type":"article","og_title":"Course Venues - Helsingin seudun kes\u00e4yliopisto","og_url":"https:\/\/hsky.fi\/en\/course-venues\/","og_site_name":"Helsingin seudun kes\u00e4yliopisto","article_modified_time":"2025-02-07T10:17:31+00:00","twitter_card":"summary_large_image","twitter_misc":{"Est. reading time":"1 minute"},"schema":{"@context":"https:\/\/schema.org","@graph":[{"@type":"WebPage","@id":"https:\/\/hsky.fi\/en\/course-venues\/","url":"https:\/\/hsky.fi\/en\/course-venues\/","name":"Course Venues - Helsingin seudun kes\u00e4yliopisto","isPartOf":{"@id":"https:\/\/hsky.fi\/#website"},"datePublished":"2021-03-23T14:51:38+00:00","dateModified":"2025-02-07T10:17:31+00:00","breadcrumb":{"@id":"https:\/\/hsky.fi\/en\/course-venues\/#breadcrumb"},"inLanguage":"en-US","potentialAction":[{"@type":"ReadAction","target":["https:\/\/hsky.fi\/en\/course-venues\/"]}]},{"@type":"BreadcrumbList","@id":"https:\/\/hsky.fi\/en\/course-venues\/#breadcrumb","itemListElement":[{"@type":"ListItem","position":1,"name":"Home","item":"https:\/\/hsky.fi\/en\/"},{"@type":"ListItem","position":2,"name":"Course Venues"}]},{"@type":"WebSite","@id":"https:\/\/hsky.fi\/#website","url":"https:\/\/hsky.fi\/","name":"Helsingin seudun kes\u00e4yliopisto","description":"","potentialAction":[{"@type":"SearchAction","target":{"@type":"EntryPoint","urlTemplate":"https:\/\/hsky.fi\/?s={search_term_string}"},"query-input":{"@type":"PropertyValueSpecification","valueRequired":true,"valueName":"search_term_string"}}],"inLanguage":"en-US"}]}},"_links":{"self":[{"href":"https:\/\/hsky.fi\/en\/wp-json\/wp\/v2\/pages\/472","targetHints":{"allow":["GET"]}}],"collection":[{"href":"https:\/\/hsky.fi\/en\/wp-json\/wp\/v2\/pages"}],"about":[{"href":"https:\/\/hsky.fi\/en\/wp-json\/wp\/v2\/types\/page"}],"author":[{"embeddable":true,"href":"https:\/\/hsky.fi\/en\/wp-json\/wp\/v2\/users\/2"}],"replies":[{"embeddable":true,"href":"https:\/\/hsky.fi\/en\/wp-json\/wp\/v2\/comments?post=472"}],"version-history":[{"count":15,"href":"https:\/\/hsky.fi\/en\/wp-json\/wp\/v2\/pages\/472\/revisions"}],"predecessor-version":[{"id":10453,"href":"https:\/\/hsky.fi\/en\/wp-json\/wp\/v2\/pages\/472\/revisions\/10453"}],"wp:attachment":[{"href":"https:\/\/hsky.fi\/en\/wp-json\/wp\/v2\/media?parent=472"}],"curies":[{"name":"wp","href":"https:\/\/api.w.org\/{rel}","templated":true}]}}