{"id":468,"date":"2021-03-23T16:43:25","date_gmt":"2021-03-23T14:43:25","guid":{"rendered":"https:\/\/kesayliopistohkifi.test.cchosting.fi\/?page_id=468"},"modified":"2021-03-29T16:47:51","modified_gmt":"2021-03-29T13:47:51","slug":"invoicing","status":"publish","type":"page","link":"https:\/\/hsky.fi\/en\/invoicing\/","title":{"rendered":"Invoicing"},"content":{"rendered":"<div class=\"block-hero full-width id-block accent-light-green\">\n\t<div class=\"container\">\n\t\t<div class=\"row\">\n\t\t\t<div class=\"col\">\n\t\t\t\t<div class=\"flex\">\n\t\t\t\t\t\t\t\t\t\n\t\t\t\t\t<div class=\"inner-blocks entry-content\">\n\t\t\t\t\t\t\n\n<h2 class=\"wp-block-heading\">Invoicing<\/h2>\n\n\n\t\t\t\t\t<\/div>\n\t\t\t\t<\/div>\n\t\t\t<\/div>\n\t\t<\/div>\n\t<\/div>\t\t\t\n<\/div>\n\n\n\t<div class=\"breadcrumbs-container container id-block full-width\">\n\t\t<div class=\"container\">\n\t\t\t<div class=\"row\">\n\t\t\t\t<div class=\"col\">\n\t\t\t\t\t<div id=\"breadcrumbs\"><span><span><a href=\"https:\/\/hsky.fi\/en\/\">Home<\/a><\/span><\/span><\/div>\t\t\t\t<\/div>\n\t\t\t<\/div>\n\t\t<\/div>    \n    <\/div>\n\n\n<div class=\"block-content-with-sidebar id-block full-width\">\n\t<div class=\"container\">\n\t\t<div class=\"row justify-content-center\">\n\t\t\t<div class=\"col col-12 col-lg-4 col-xl-4 d-none d-lg-block\">\n\t\t\t\t<nav class=\"side-navigation\">\n\t\t\t\t\t<div class=\"menu-paavalikko-englanti-container\"><ul id=\"menu-paavalikko-englanti\" class=\"sidebar-menu\">\n<li  class=\" menu-item menu-item-type-post_type menu-item-object-page\"><a class=\"page-name\" href=\"https:\/\/hsky.fi\/en\/kurssit-ja-koulutukset\/\">Courses and education<\/a><\/li>\n<li  class=\" menu-item menu-item-type-post_type menu-item-object-page menu-item-has-children\"><a class=\"page-name\" href=\"https:\/\/hsky.fi\/en\/for-students\/\">For students<\/a>\n<button class=\"sub-menu-toggle\" aria-expanded=\"false\" aria-label=\"Avaa alavalikko\"><\/button><ul class=\"sub-menu\">\n<li  class=\" menu-item menu-item-type-post_type menu-item-object-page\"><a class=\"page-name\" href=\"https:\/\/hsky.fi\/en\/studying-at-summer-university\/\">Studying at Summer University<\/a><\/li>\n<li  class=\" menu-item menu-item-type-post_type menu-item-object-page\"><a class=\"page-name\" href=\"https:\/\/hsky.fi\/en\/enrollment\/\">Enrollment<\/a><\/li>\n<li  class=\" menu-item menu-item-type-post_type menu-item-object-page\"><a class=\"page-name\" href=\"https:\/\/hsky.fi\/en\/cancellation-policy\/\">Cancellation Policy<\/a><\/li>\n<li  class=\" menu-item menu-item-type-post_type menu-item-object-page\"><a class=\"page-name\" href=\"https:\/\/hsky.fi\/en\/enrolment-cancellation\/\">Enrolment Cancellation<\/a><\/li>\n<li  class=\" menu-item menu-item-type-post_type menu-item-object-page\"><a class=\"page-name\" href=\"https:\/\/hsky.fi\/en\/rules-of-conduct\/\">Rules of Conduct<\/a><\/li>\n<li  class=\" menu-item menu-item-type-post_type menu-item-object-page\"><a class=\"page-name\" href=\"https:\/\/hsky.fi\/en\/course-venues\/\">Course Venues<\/a><\/li>\n<li  class=\" menu-item menu-item-type-post_type menu-item-object-page\"><a class=\"page-name\" href=\"https:\/\/hsky.fi\/en\/faq\/\">FAQ<\/a><\/li><\/ul><\/li>\n<li  class=\" menu-item menu-item-type-custom menu-item-object-custom menu-item-has-children\"><a class=\"page-name\" href=\"#\">Contact us<\/a>\n<button class=\"sub-menu-toggle\" aria-expanded=\"false\" aria-label=\"Avaa alavalikko\"><\/button><ul class=\"sub-menu\">\n<li  class=\" menu-item menu-item-type-post_type menu-item-object-page\"><a class=\"page-name\" href=\"https:\/\/hsky.fi\/en\/contact-information\/\">Contact Information<\/a><\/li>\n<li  class=\" menu-item menu-item-type-post_type menu-item-object-page\"><a class=\"page-name\" href=\"https:\/\/hsky.fi\/en\/invoicing\/\">Invoicing<\/a><\/li>\n<li  class=\" menu-item menu-item-type-post_type menu-item-object-page\"><a class=\"page-name\" href=\"https:\/\/hsky.fi\/en\/apply-as-a-teacher\/\">Apply as a teacher<\/a><\/li>\n<li  class=\" menu-item menu-item-type-post_type menu-item-object-page\"><a class=\"page-name\" href=\"https:\/\/hsky.fi\/en\/about-us\/\">About Us<\/a><\/li><\/ul><\/li><\/ul><\/div>\t\t\t\t<\/nav><!-- .main-navigation -->\n\t\t\t<\/div>\n\t\t\t<div class=\"col col-12 col-lg-7 col-xl-7\">\t\t\t\t\n\t\t\t\t<div class=\"inner-blocks entry-content\">\n\t\t\t\t\t\n\n<h4 class=\"wp-block-heading\"><strong>eInvoicing<\/strong><\/h4>\n\n\n\n<p>Electronic invoicing address: 003701165130<br>Operator code: 003708599126<br>Operator: Liaison<br>Business ID: 0116513-0<\/p>\n\n\n\n<p>If you cannot send the invoice as an e-invoice, you can send it by e-mail as a pdf attachment to:<br><a href=\"mailto:fennoa.FI.P.143842-3@docinbound.com\">fennoa.FI.P.143842-3@docinbound.com<\/a><\/p>\n\n\n\n<p><strong>Paper bills<\/strong> Helsingin seudun kes\u00e4yliopistos\u00e4\u00e4ti\u00f6 sr, PL 52491, 01051 LASKUT<\/p>\n\n\n\t\t\t\t<\/div>\n\t\t\t<\/div>\n\t\t<\/div>\n\t<\/div>\t\t\t\n<\/div>","protected":false},"excerpt":{"rendered":"","protected":false},"author":2,"featured_media":0,"parent":0,"menu_order":0,"comment_status":"closed","ping_status":"closed","template":"","meta":{"_acf_changed":false,"_relevanssi_hide_post":"","_relevanssi_hide_content":"","_relevanssi_pin_for_all":"","_relevanssi_pin_keywords":"","_relevanssi_unpin_keywords":"","_relevanssi_related_keywords":"","_relevanssi_related_include_ids":"","_relevanssi_related_exclude_ids":"","_relevanssi_related_no_append":"","_relevanssi_related_not_related":"","_relevanssi_related_posts":"","_relevanssi_noindex_reason":"","footnotes":""},"class_list":["post-468","page","type-page","status-publish","hentry"],"acf":[],"yoast_head":"<!-- This site is optimized with the Yoast SEO plugin v27.3 - https:\/\/yoast.com\/product\/yoast-seo-wordpress\/ -->\n<title>Invoicing - Helsingin seudun kes\u00e4yliopisto<\/title>\n<meta name=\"robots\" content=\"index, follow, max-snippet:-1, max-image-preview:large, max-video-preview:-1\" \/>\n<link rel=\"canonical\" href=\"https:\/\/hsky.fi\/en\/invoicing\/\" \/>\n<meta property=\"og:locale\" content=\"en_US\" \/>\n<meta property=\"og:type\" content=\"article\" \/>\n<meta property=\"og:title\" content=\"Invoicing - Helsingin seudun kes\u00e4yliopisto\" \/>\n<meta property=\"og:url\" content=\"https:\/\/hsky.fi\/en\/invoicing\/\" \/>\n<meta property=\"og:site_name\" content=\"Helsingin seudun kes\u00e4yliopisto\" \/>\n<meta property=\"article:modified_time\" content=\"2021-03-29T13:47:51+00:00\" \/>\n<meta name=\"twitter:card\" content=\"summary_large_image\" \/>\n<meta name=\"twitter:label1\" content=\"Est. reading time\" \/>\n\t<meta name=\"twitter:data1\" content=\"1 minute\" \/>\n<script type=\"application\/ld+json\" class=\"yoast-schema-graph\">{\"@context\":\"https:\\\/\\\/schema.org\",\"@graph\":[{\"@type\":\"WebPage\",\"@id\":\"https:\\\/\\\/hsky.fi\\\/en\\\/invoicing\\\/\",\"url\":\"https:\\\/\\\/hsky.fi\\\/en\\\/invoicing\\\/\",\"name\":\"Invoicing - Helsingin seudun kes\u00e4yliopisto\",\"isPartOf\":{\"@id\":\"https:\\\/\\\/hsky.fi\\\/#website\"},\"datePublished\":\"2021-03-23T14:43:25+00:00\",\"dateModified\":\"2021-03-29T13:47:51+00:00\",\"breadcrumb\":{\"@id\":\"https:\\\/\\\/hsky.fi\\\/en\\\/invoicing\\\/#breadcrumb\"},\"inLanguage\":\"en-US\",\"potentialAction\":[{\"@type\":\"ReadAction\",\"target\":[\"https:\\\/\\\/hsky.fi\\\/en\\\/invoicing\\\/\"]}]},{\"@type\":\"BreadcrumbList\",\"@id\":\"https:\\\/\\\/hsky.fi\\\/en\\\/invoicing\\\/#breadcrumb\",\"itemListElement\":[{\"@type\":\"ListItem\",\"position\":1,\"name\":\"Home\",\"item\":\"https:\\\/\\\/hsky.fi\\\/en\\\/\"},{\"@type\":\"ListItem\",\"position\":2,\"name\":\"Invoicing\"}]},{\"@type\":\"WebSite\",\"@id\":\"https:\\\/\\\/hsky.fi\\\/#website\",\"url\":\"https:\\\/\\\/hsky.fi\\\/\",\"name\":\"Helsingin seudun kes\u00e4yliopisto\",\"description\":\"\",\"potentialAction\":[{\"@type\":\"SearchAction\",\"target\":{\"@type\":\"EntryPoint\",\"urlTemplate\":\"https:\\\/\\\/hsky.fi\\\/?s={search_term_string}\"},\"query-input\":{\"@type\":\"PropertyValueSpecification\",\"valueRequired\":true,\"valueName\":\"search_term_string\"}}],\"inLanguage\":\"en-US\"}]}<\/script>\n<!-- \/ Yoast SEO plugin. -->","yoast_head_json":{"title":"Invoicing - Helsingin seudun kes\u00e4yliopisto","robots":{"index":"index","follow":"follow","max-snippet":"max-snippet:-1","max-image-preview":"max-image-preview:large","max-video-preview":"max-video-preview:-1"},"canonical":"https:\/\/hsky.fi\/en\/invoicing\/","og_locale":"en_US","og_type":"article","og_title":"Invoicing - Helsingin seudun kes\u00e4yliopisto","og_url":"https:\/\/hsky.fi\/en\/invoicing\/","og_site_name":"Helsingin seudun kes\u00e4yliopisto","article_modified_time":"2021-03-29T13:47:51+00:00","twitter_card":"summary_large_image","twitter_misc":{"Est. reading time":"1 minute"},"schema":{"@context":"https:\/\/schema.org","@graph":[{"@type":"WebPage","@id":"https:\/\/hsky.fi\/en\/invoicing\/","url":"https:\/\/hsky.fi\/en\/invoicing\/","name":"Invoicing - Helsingin seudun kes\u00e4yliopisto","isPartOf":{"@id":"https:\/\/hsky.fi\/#website"},"datePublished":"2021-03-23T14:43:25+00:00","dateModified":"2021-03-29T13:47:51+00:00","breadcrumb":{"@id":"https:\/\/hsky.fi\/en\/invoicing\/#breadcrumb"},"inLanguage":"en-US","potentialAction":[{"@type":"ReadAction","target":["https:\/\/hsky.fi\/en\/invoicing\/"]}]},{"@type":"BreadcrumbList","@id":"https:\/\/hsky.fi\/en\/invoicing\/#breadcrumb","itemListElement":[{"@type":"ListItem","position":1,"name":"Home","item":"https:\/\/hsky.fi\/en\/"},{"@type":"ListItem","position":2,"name":"Invoicing"}]},{"@type":"WebSite","@id":"https:\/\/hsky.fi\/#website","url":"https:\/\/hsky.fi\/","name":"Helsingin seudun kes\u00e4yliopisto","description":"","potentialAction":[{"@type":"SearchAction","target":{"@type":"EntryPoint","urlTemplate":"https:\/\/hsky.fi\/?s={search_term_string}"},"query-input":{"@type":"PropertyValueSpecification","valueRequired":true,"valueName":"search_term_string"}}],"inLanguage":"en-US"}]}},"_links":{"self":[{"href":"https:\/\/hsky.fi\/en\/wp-json\/wp\/v2\/pages\/468","targetHints":{"allow":["GET"]}}],"collection":[{"href":"https:\/\/hsky.fi\/en\/wp-json\/wp\/v2\/pages"}],"about":[{"href":"https:\/\/hsky.fi\/en\/wp-json\/wp\/v2\/types\/page"}],"author":[{"embeddable":true,"href":"https:\/\/hsky.fi\/en\/wp-json\/wp\/v2\/users\/2"}],"replies":[{"embeddable":true,"href":"https:\/\/hsky.fi\/en\/wp-json\/wp\/v2\/comments?post=468"}],"version-history":[{"count":3,"href":"https:\/\/hsky.fi\/en\/wp-json\/wp\/v2\/pages\/468\/revisions"}],"predecessor-version":[{"id":690,"href":"https:\/\/hsky.fi\/en\/wp-json\/wp\/v2\/pages\/468\/revisions\/690"}],"wp:attachment":[{"href":"https:\/\/hsky.fi\/en\/wp-json\/wp\/v2\/media?parent=468"}],"curies":[{"name":"wp","href":"https:\/\/api.w.org\/{rel}","templated":true}]}}